{"id":13,"date":"2022-02-10T21:13:27","date_gmt":"2022-02-10T21:13:27","guid":{"rendered":"http:\/\/camellocenter.es\/?page_id=13"},"modified":"2026-04-28T11:03:36","modified_gmt":"2026-04-28T11:03:36","slug":"paseo-en-camello","status":"publish","type":"page","link":"http:\/\/camellocenter.es\/index.php\/paseo-en-camello\/","title":{"rendered":"PASEO EN CAMELLO"},"content":{"rendered":"<p>[et_pb_section fb_built=\u00bb1&#8243; next_background_color=\u00bb#ffffff\u00bb admin_label=\u00bbHeader\u00bb _builder_version=\u00bb4.16&#8243; background_color=\u00bb#fdc732&#8243; custom_padding=\u00bb78px||||false|false\u00bb bottom_divider_style=\u00bbwave\u00bb bottom_divider_height=\u00bb12vw\u00bb bottom_divider_flip=\u00bbvertical\u00bb global_colors_info=\u00bb{}\u00bb][et_pb_row column_structure=\u00bb1_2,1_2&#8243; _builder_version=\u00bb4.16&#8243; _module_preset=\u00bbdefault\u00bb locked=\u00bboff\u00bb global_colors_info=\u00bb{}\u00bb][et_pb_column type=\u00bb1_2&#8243; _builder_version=\u00bb4.16&#8243; _module_preset=\u00bbdefault\u00bb custom_padding=\u00bb50px||||false|false\u00bb custom_padding_tablet=\u00bb0px||||false|false\u00bb custom_padding_phone=\u00bb\u00bb custom_padding_last_edited=\u00bbon|desktop\u00bb global_colors_info=\u00bb{}\u00bb][et_pb_text _builder_version=\u00bb4.16&#8243; _module_preset=\u00bbdefault\u00bb header_font=\u00bbAutour One|700|||||||\u00bb header_text_color=\u00bb#000000&#8243; header_font_size=\u00bb52px\u00bb header_line_height=\u00bb1.3em\u00bb header_2_line_height=\u00bb1.3em\u00bb width=\u00bb100%\u00bb custom_margin=\u00bb||10px||false|false\u00bb header_font_size_tablet=\u00bb30px\u00bb header_font_size_phone=\u00bb24px\u00bb header_font_size_last_edited=\u00bbon|phone\u00bb header_line_height_tablet=\u00bb1.5em\u00bb header_line_height_phone=\u00bb1.6em\u00bb header_line_height_last_edited=\u00bbon|phone\u00bb header_2_line_height_tablet=\u00bb1.5em\u00bb header_2_line_height_phone=\u00bb1.6em\u00bb header_2_line_height_last_edited=\u00bbon|desktop\u00bb locked=\u00bboff\u00bb global_colors_info=\u00bb{}\u00bb]<\/p>\n<h1><span style=\"color: #ffffff;\">\u00a1Viaja a los lomos de un camello!<\/span><\/h1>\n<p>[\/et_pb_text][et_pb_text _builder_version=\u00bb4.16&#8243; _module_preset=\u00bbdefault\u00bb text_font=\u00bbJosefin Sans||||||||\u00bb text_text_color=\u00bb#000000&#8243; text_font_size=\u00bb22px\u00bb text_line_height=\u00bb1.4em\u00bb header_2_line_height=\u00bb1.3em\u00bb text_font_size_tablet=\u00bb18px\u00bb text_font_size_phone=\u00bb14px\u00bb text_font_size_last_edited=\u00bbon|tablet\u00bb text_line_height_tablet=\u00bb1.6em\u00bb text_line_height_phone=\u00bb1.8em\u00bb text_line_height_last_edited=\u00bbon|phone\u00bb header_2_line_height_tablet=\u00bb1.5em\u00bb header_2_line_height_phone=\u00bb1.6em\u00bb header_2_line_height_last_edited=\u00bbon|desktop\u00bb global_colors_info=\u00bb{}\u00bb]<\/p>\n<p>Un experiencia \u00fanica rodeado de naturaleza y paisajes naturales.<\/p>\n<p>[\/et_pb_text][et_pb_button button_url=\u00bbhttp:\/\/camellocenter.es\/index.php\/contacto\u00bb button_text=\u00bbENTRADAS\u00bb button_alignment=\u00bbleft\u00bb _builder_version=\u00bb4.17.4&#8243; _module_preset=\u00bbdefault\u00bb custom_button=\u00bbon\u00bb button_text_size=\u00bb18px\u00bb button_text_color=\u00bb#fdc732&#8243; button_bg_color=\u00bbrgba(0,0,0,0.82)\u00bb button_border_color=\u00bbrgba(0,0,0,0)\u00bb button_border_radius=\u00bb10px\u00bb button_font=\u00bbJosefin Sans||||||||\u00bb background_layout=\u00bbdark\u00bb custom_padding=\u00bb12px|40px|12px|40px|true|true\u00bb global_colors_info=\u00bb{}\u00bb][\/et_pb_button][\/et_pb_column][et_pb_column type=\u00bb1_2&#8243; _builder_version=\u00bb4.16&#8243; _module_preset=\u00bbdefault\u00bb global_colors_info=\u00bb{}\u00bb][et_pb_image src=\u00bbhttp:\/\/camellocenter.es\/wp-content\/uploads\/2022\/02\/Logo-Camello-Center-transp.png\u00bb title_text=\u00bbLogo Camello Center transp\u00bb _builder_version=\u00bb4.16&#8243; _module_preset=\u00bbdefault\u00bb custom_margin=\u00bb-80px|-12vw|-70px||false|false\u00bb custom_margin_tablet=\u00bb0px|0vw|0px||false|false\u00bb custom_margin_phone=\u00bb0px||||false|false\u00bb custom_margin_last_edited=\u00bbon|phone\u00bb custom_padding=\u00bb|||1px||\u00bb locked=\u00bboff\u00bb global_colors_info=\u00bb{}\u00bb][\/et_pb_image][\/et_pb_column][\/et_pb_row][\/et_pb_section][et_pb_section fb_built=\u00bb1&#8243; admin_label=\u00bbAbout\u00bb _builder_version=\u00bb4.16&#8243; _module_preset=\u00bbdefault\u00bb locked=\u00bboff\u00bb global_colors_info=\u00bb{}\u00bb][et_pb_row column_structure=\u00bb1_2,1_2&#8243; _builder_version=\u00bb4.16&#8243; _module_preset=\u00bbdefault\u00bb width=\u00bb88.3%\u00bb custom_margin=\u00bb|109px||171px||\u00bb custom_padding=\u00bb|||3px||\u00bb global_colors_info=\u00bb{}\u00bb][et_pb_column type=\u00bb1_2&#8243; _builder_version=\u00bb4.16&#8243; _module_preset=\u00bbdefault\u00bb global_colors_info=\u00bb{}\u00bb][et_pb_image src=\u00bbhttp:\/\/camellocenter.es\/wp-content\/uploads\/2022\/02\/montaje-uno-u2833.png\u00bb title_text=\u00bbmontaje-uno-u2833&#8243; _builder_version=\u00bb4.16&#8243; _module_preset=\u00bbdefault\u00bb background_enable_image=\u00bboff\u00bb width=\u00bb56.4%\u00bb custom_margin=\u00bb|-11px||||\u00bb global_colors_info=\u00bb{}\u00bb][\/et_pb_image][\/et_pb_column][et_pb_column type=\u00bb1_2&#8243; _builder_version=\u00bb4.16&#8243; _module_preset=\u00bbdefault\u00bb global_colors_info=\u00bb{}\u00bb][et_pb_text _builder_version=\u00bb4.16&#8243; _module_preset=\u00bbdefault\u00bb header_2_font=\u00bbAutour One|700|||||||\u00bb header_2_text_color=\u00bb#000000&#8243; header_2_font_size=\u00bb42px\u00bb header_2_line_height=\u00bb1.2em\u00bb custom_margin=\u00bb|||-129px||\u00bb custom_padding=\u00bb|2px||||\u00bb header_2_font_size_tablet=\u00bb30px\u00bb header_2_font_size_phone=\u00bb24px\u00bb header_2_font_size_last_edited=\u00bbon|phone\u00bb header_2_line_height_tablet=\u00bb1.4em\u00bb header_2_line_height_phone=\u00bb1.4em\u00bb header_2_line_height_last_edited=\u00bbon|phone\u00bb locked=\u00bboff\u00bb global_colors_info=\u00bb{}\u00bb]<\/p>\n<h2>Paseo en Camello<\/h2>\n<p>[\/et_pb_text][et_pb_text _builder_version=\u00bb4.16&#8243; _module_preset=\u00bbdefault\u00bb text_font=\u00bbJosefin Sans||||||||\u00bb text_text_color=\u00bb#000000&#8243; text_font_size=\u00bb16px\u00bb text_line_height=\u00bb1.8em\u00bb width=\u00bb102.3%\u00bb custom_margin=\u00bb|56px||-136px||\u00bb text_font_size_tablet=\u00bb18px\u00bb text_font_size_phone=\u00bb14px\u00bb text_font_size_last_edited=\u00bbon|tablet\u00bb text_line_height_tablet=\u00bb1.6em\u00bb text_line_height_phone=\u00bb1.8em\u00bb text_line_height_last_edited=\u00bbon|tablet\u00bb locked=\u00bboff\u00bb global_colors_info=\u00bb{}\u00bb]<\/p>\n<p>Dar un paseo a lomo de un camello es una experiencia emocionante y relajante al mismo tiempo. Es una oportunidad que le brindamos en nuestro parque.\u00a0<\/p>\n<p>En nuestros m\u00e1s de 10.000 m2 de superficie podr\u00e1 disfrutar de la flora y fauna aut\u00f3ctona de la zona, en un recorrido de unos 20 a 25 minutos de duraci\u00f3n que no olvidar\u00e1 jam\u00e1s.\u00a0<\/p>\n<p>&nbsp;<\/p>\n<p>[\/et_pb_text][\/et_pb_column][\/et_pb_row][\/et_pb_section][et_pb_section fb_built=\u00bb1&#8243; admin_label=\u00bbProducts\u00bb _builder_version=\u00bb4.16&#8243; _module_preset=\u00bbdefault\u00bb custom_padding=\u00bb2px|||||\u00bb locked=\u00bboff\u00bb global_colors_info=\u00bb{}\u00bb][et_pb_row _builder_version=\u00bb4.16&#8243; _module_preset=\u00bbdefault\u00bb global_colors_info=\u00bb{}\u00bb][et_pb_column type=\u00bb4_4&#8243; _builder_version=\u00bb4.16&#8243; _module_preset=\u00bbdefault\u00bb global_colors_info=\u00bb{}\u00bb][et_pb_text _builder_version=\u00bb4.16&#8243; _module_preset=\u00bbdefault\u00bb header_2_font=\u00bbAutour One|700|||||||\u00bb header_2_text_color=\u00bb#000000&#8243; header_2_font_size=\u00bb42px\u00bb header_2_line_height=\u00bb1.3em\u00bb text_orientation=\u00bbcenter\u00bb header_2_font_size_tablet=\u00bb24px\u00bb header_2_font_size_phone=\u00bb18px\u00bb header_2_font_size_last_edited=\u00bbon|phone\u00bb header_2_line_height_tablet=\u00bb1.5em\u00bb header_2_line_height_phone=\u00bb1.6em\u00bb header_2_line_height_last_edited=\u00bbon|desktop\u00bb global_colors_info=\u00bb{}\u00bb]<\/p>\n<h2>Precios<\/h2>\n<p>[\/et_pb_text][\/et_pb_column][\/et_pb_row][et_pb_row column_structure=\u00bb1_3,1_3,1_3&#8243; use_custom_gutter=\u00bbon\u00bb gutter_width=\u00bb2&#8243; make_equal=\u00bbon\u00bb _builder_version=\u00bb4.16&#8243; _module_preset=\u00bbdefault\u00bb locked=\u00bboff\u00bb global_colors_info=\u00bb{}\u00bb][et_pb_column type=\u00bb1_3&#8243; _builder_version=\u00bb4.16&#8243; _module_preset=\u00bbdefault\u00bb background_color=\u00bb#f2f2f2&#8243; custom_padding=\u00bb20px||10px||false|false\u00bb custom_padding_last_edited=\u00bboff|desktop\u00bb global_colors_info=\u00bb{}\u00bb][et_pb_image src=\u00bbhttp:\/\/camellocenter.es\/wp-content\/uploads\/2022\/02\/Logo-CamelloP.png\u00bb title_text=\u00bbLogo CamelloP\u00bb align=\u00bbcenter\u00bb _builder_version=\u00bb4.16&#8243; _module_preset=\u00bbdefault\u00bb global_colors_info=\u00bb{}\u00bb][\/et_pb_image][et_pb_pricing_tables header_background_color=\u00bbrgba(0,0,0,0)\u00bb show_bullet=\u00bboff\u00bb _builder_version=\u00bb4.21.0&#8243; _module_preset=\u00bbdefault\u00bb currency_frequency_text_color=\u00bb#fdc732&#8243; price_text_color=\u00bb#fdc732&#8243; body_text_color=\u00bb#000000&#8243; header_text_color=\u00bb#000000&#8243; header_font=\u00bbYeseva One||||||||\u00bb body_font=\u00bbKarla|700||on|||||\u00bb body_text_align=\u00bbcenter\u00bb body_letter_spacing=\u00bb1px\u00bb body_line_height=\u00bb1.2em\u00bb price_font=\u00bbYeseva One||||||||\u00bb currency_frequency_font=\u00bbYeseva One||||||||\u00bb background_color=\u00bb#f2f2f2&#8243; custom_button=\u00bbon\u00bb button_text_size=\u00bb12px\u00bb button_text_color=\u00bb#94624f\u00bb button_bg_color=\u00bbrgba(0,0,0,0)\u00bb button_border_width=\u00bb1px\u00bb button_border_radius=\u00bb0px\u00bb button_font=\u00bbKarla|700||on|||||\u00bb button_custom_padding=\u00bb10px|50px|10px|50px|true|true\u00bb width=\u00bb100%\u00bb hover_enabled=\u00bb0&#8243; custom_css_pricing_top=\u00bbborder: none;\u00bb border_width_all=\u00bb0px\u00bb box_shadow_style_button=\u00bbpreset6&#8243; box_shadow_color_button=\u00bbrgba(148,98,79,0.3)\u00bb locked=\u00bboff\u00bb global_colors_info=\u00bb{}\u00bb sticky_enabled=\u00bb0&#8243;][et_pb_pricing_table title=\u00bbPaseo camello\u00bb subtitle=\u00bbAdulto\u00bb currency=\u00bb\u20ac\u00bb sum=\u00bb14&#8243; button_url=\u00bb#\u00bb _builder_version=\u00bb4.21.0&#8243; _module_preset=\u00bbdefault\u00bb price_text_color=\u00bb#fdc732&#8243; subheader_text_color=\u00bb#000000&#8243; hover_enabled=\u00bb0&#8243; global_colors_info=\u00bb{}\u00bb sticky_transition=\u00bbon\u00bb sticky_enabled=\u00bb0&#8243;]<\/p>\n<p>GRATIS Ni\u00f1os menores de 3 a\u00f1os<\/p>\n<p>recorrido de 20 a 25 min.<\/p>\n<p>&nbsp;<\/p>\n<p>[\/et_pb_pricing_table][\/et_pb_pricing_tables][\/et_pb_column][et_pb_column type=\u00bb1_3&#8243; _builder_version=\u00bb4.16&#8243; _module_preset=\u00bbdefault\u00bb background_color=\u00bbrgba(253,199,50,0.47)\u00bb custom_padding=\u00bb20px||10px||false|false\u00bb custom_padding_last_edited=\u00bboff|desktop\u00bb global_colors_info=\u00bb{}\u00bb][et_pb_image src=\u00bbhttp:\/\/camellocenter.es\/wp-content\/uploads\/2022\/02\/Logo-CamelloP.png\u00bb title_text=\u00bbLogo CamelloP\u00bb align=\u00bbcenter\u00bb _builder_version=\u00bb4.16&#8243; _module_preset=\u00bbdefault\u00bb locked=\u00bboff\u00bb global_colors_info=\u00bb{}\u00bb][\/et_pb_image][et_pb_pricing_tables header_background_color=\u00bbrgba(0,0,0,0)\u00bb show_bullet=\u00bboff\u00bb _builder_version=\u00bb4.21.0&#8243; _module_preset=\u00bbdefault\u00bb currency_frequency_text_color=\u00bb#ffffff\u00bb price_text_color=\u00bb#ffffff\u00bb body_text_color=\u00bb#ffffff\u00bb header_text_color=\u00bb#000000&#8243; header_font=\u00bbYeseva One||||||||\u00bb body_font=\u00bbKarla|700||on|||||\u00bb body_text_align=\u00bbcenter\u00bb body_letter_spacing=\u00bb1px\u00bb body_line_height=\u00bb1.2em\u00bb price_font=\u00bbYeseva One||||||||\u00bb currency_frequency_font=\u00bbYeseva One||||||||\u00bb custom_button=\u00bbon\u00bb button_text_size=\u00bb12px\u00bb button_text_color=\u00bb#ffffff\u00bb button_bg_color=\u00bbrgba(0,0,0,0)\u00bb button_border_width=\u00bb1px\u00bb button_border_radius=\u00bb0px\u00bb button_font=\u00bbKarla|700||on|||||\u00bb button_custom_padding=\u00bb10px|50px|10px|50px|true|true\u00bb width=\u00bb100%\u00bb custom_css_pricing_top=\u00bbborder: none;\u00bb border_width_all=\u00bb0px\u00bb box_shadow_style_button=\u00bbpreset6&#8243; box_shadow_color_button=\u00bbrgba(255,255,255,0.3)\u00bb locked=\u00bboff\u00bb global_colors_info=\u00bb{}\u00bb][et_pb_pricing_table title=\u00bbPaseo camello\u00bb subtitle=\u00bbNi\u00f1os\u00bb currency=\u00bb\u20ac\u00bb sum=\u00bb11&#8243; button_url=\u00bb#\u00bb _builder_version=\u00bb4.21.0&#8243; _module_preset=\u00bbdefault\u00bb subheader_text_color=\u00bb#000000&#8243; background_color=\u00bbrgba(0,0,0,0)\u00bb background_enable_color=\u00bbon\u00bb hover_enabled=\u00bb0&#8243; global_colors_info=\u00bb{}\u00bb sticky_transition=\u00bbon\u00bb sticky_enabled=\u00bb0&#8243;]<\/p>\n<p>GRATIS Ni\u00f1os menores de 3 a\u00f1os<\/p>\n<p>recorrido de 20 a 25 min.<\/p>\n<p>&nbsp;<\/p>\n<p>[\/et_pb_pricing_table][\/et_pb_pricing_tables][\/et_pb_column][et_pb_column type=\u00bb1_3&#8243; _builder_version=\u00bb4.16&#8243; _module_preset=\u00bbdefault\u00bb background_color=\u00bbrgba(197,95,13,0.64)\u00bb custom_padding=\u00bb20px||10px||false|false\u00bb custom_padding_last_edited=\u00bboff|desktop\u00bb global_colors_info=\u00bb{}\u00bb][et_pb_image src=\u00bbhttp:\/\/camellocenter.es\/wp-content\/uploads\/2022\/02\/Logo-Restaurante.png\u00bb title_text=\u00bbLogo Restaurante\u00bb align=\u00bbcenter\u00bb _builder_version=\u00bb4.16&#8243; _module_preset=\u00bbdefault\u00bb global_colors_info=\u00bb{}\u00bb][\/et_pb_image][et_pb_pricing_tables header_background_color=\u00bbrgba(0,0,0,0)\u00bb show_bullet=\u00bboff\u00bb _builder_version=\u00bb4.21.0&#8243; _module_preset=\u00bbdefault\u00bb currency_frequency_text_color=\u00bb#fdc732&#8243; price_text_color=\u00bb#fdc732&#8243; body_text_color=\u00bb#000000&#8243; header_text_color=\u00bb#000000&#8243; header_font=\u00bbYeseva One||||||||\u00bb body_font=\u00bbKarla|700||on|||||\u00bb body_text_align=\u00bbcenter\u00bb body_letter_spacing=\u00bb1px\u00bb body_line_height=\u00bb1.2em\u00bb price_font=\u00bbYeseva One||||||||\u00bb currency_frequency_font=\u00bbYeseva One||||||||\u00bb background_color=\u00bbrgba(197,95,13,0)\u00bb custom_button=\u00bbon\u00bb button_text_size=\u00bb12px\u00bb button_text_color=\u00bb#94624f\u00bb button_bg_color=\u00bbrgba(0,0,0,0)\u00bb button_border_width=\u00bb1px\u00bb button_border_radius=\u00bb0px\u00bb button_font=\u00bbKarla|700||on|||||\u00bb button_custom_padding=\u00bb10px|50px|10px|50px|true|true\u00bb width=\u00bb100%\u00bb hover_enabled=\u00bb0&#8243; custom_css_pricing_top=\u00bbborder: none;\u00bb border_width_all=\u00bb0px\u00bb box_shadow_style_button=\u00bbpreset6&#8243; box_shadow_color_button=\u00bbrgba(148,98,79,0.3)\u00bb locked=\u00bboff\u00bb global_colors_info=\u00bb{}\u00bb sticky_enabled=\u00bb0&#8243;][et_pb_pricing_table title=\u00bbMen\u00fa Canario\u00bb currency=\u00bb\u20ac\u00bb sum=\u00bb17&#8243; button_url=\u00bb#\u00bb _builder_version=\u00bb4.21.0&#8243; _module_preset=\u00bbdefault\u00bb hover_enabled=\u00bb0&#8243; global_colors_info=\u00bb{}\u00bb sticky_transition=\u00bbon\u00bb sticky_enabled=\u00bb0&#8243;]<\/p>\n<p>cocina t\u00edpica canaria<\/p>\n<p>celebraciones y banquetes<\/p>\n<p>&nbsp;<\/p>\n<p>[\/et_pb_pricing_table][\/et_pb_pricing_tables][\/et_pb_column][\/et_pb_row][\/et_pb_section][et_pb_section fb_built=\u00bb1&#8243; admin_label=\u00bbSubscription\u00bb _builder_version=\u00bb4.16&#8243; _module_preset=\u00bbdefault\u00bb overflow-x=\u00bbhidden\u00bb global_colors_info=\u00bb{}\u00bb][et_pb_row column_structure=\u00bb1_2,1_2&#8243; _builder_version=\u00bb4.16&#8243; _module_preset=\u00bbdefault\u00bb z_index=\u00bb11&#8243; global_colors_info=\u00bb{}\u00bb][et_pb_column type=\u00bb1_2&#8243; _builder_version=\u00bb4.16&#8243; _module_preset=\u00bbdefault\u00bb global_colors_info=\u00bb{}\u00bb][et_pb_text _builder_version=\u00bb4.16&#8243; _module_preset=\u00bbdefault\u00bb text_font=\u00bbJosefin Sans||||||||\u00bb text_text_color=\u00bb#000000&#8243; text_font_size=\u00bb16px\u00bb text_line_height=\u00bb1.8em\u00bb header_2_font=\u00bbAutour One|700|||||||\u00bb header_2_text_color=\u00bb#000000&#8243; header_2_font_size=\u00bb42px\u00bb header_2_line_height=\u00bb1.3em\u00bb max_width=\u00bb600px\u00bb text_font_size_tablet=\u00bb18px\u00bb text_font_size_phone=\u00bb14px\u00bb text_font_size_last_edited=\u00bbon|tablet\u00bb text_line_height_tablet=\u00bb1.6em\u00bb text_line_height_phone=\u00bb1.8em\u00bb text_line_height_last_edited=\u00bbon|tablet\u00bb header_2_font_size_tablet=\u00bb24px\u00bb header_2_font_size_phone=\u00bb18px\u00bb header_2_font_size_last_edited=\u00bbon|tablet\u00bb header_2_line_height_tablet=\u00bb1.5em\u00bb header_2_line_height_phone=\u00bb1.6em\u00bb header_2_line_height_last_edited=\u00bbon|desktop\u00bb locked=\u00bboff\u00bb global_colors_info=\u00bb{}\u00bb]<\/p>\n<h2>De 20 a 25 min.\u00a0 de diversi\u00f3n<\/h2>\n<p>Para iniciar el paseo en camello tendremos que acceder a la zona de ensillamientos. Nuestros gu\u00edas le ayudar\u00e1n a subir y a tomar todas las de medidas de seguridad necesarias.<\/p>\n<p>Una vez todos los camellos est\u00e9n dispuestos para marchar iniciaremos el recorrido por nuestro espacio natural. Con una <strong>duraci\u00f3n aproximada de 20 a 25 minutos.<\/strong><\/p>\n<p>[\/et_pb_text][et_pb_text _builder_version=\u00bb4.16&#8243; _module_preset=\u00bbdefault\u00bb text_font=\u00bbJosefin Sans||||||||\u00bb text_text_color=\u00bb#000000&#8243; text_font_size=\u00bb16px\u00bb text_line_height=\u00bb1.8em\u00bb header_2_font=\u00bbAutour One|700|||||||\u00bb header_2_text_color=\u00bb#000000&#8243; header_2_font_size=\u00bb42px\u00bb header_2_line_height=\u00bb1.3em\u00bb max_width=\u00bb600px\u00bb text_font_size_tablet=\u00bb18px\u00bb text_font_size_phone=\u00bb14px\u00bb text_font_size_last_edited=\u00bbon|tablet\u00bb text_line_height_tablet=\u00bb1.6em\u00bb text_line_height_phone=\u00bb1.8em\u00bb text_line_height_last_edited=\u00bbon|tablet\u00bb header_2_font_size_tablet=\u00bb24px\u00bb header_2_font_size_phone=\u00bb18px\u00bb header_2_font_size_last_edited=\u00bbon|tablet\u00bb header_2_line_height_tablet=\u00bb1.5em\u00bb header_2_line_height_phone=\u00bb1.6em\u00bb header_2_line_height_last_edited=\u00bbon|desktop\u00bb locked=\u00bboff\u00bb global_colors_info=\u00bb{}\u00bb]<\/p>\n<h2>Flora, fauna y gastronom\u00eda<\/h2>\n<p>Durante el recorrido podremos observar especies y animales aut\u00f3ctonos como la <strong>cabra, la oveja pelibuey, ponys, burros y camellos.<\/strong>\u00a0<\/p>\n<p>Una vez finalizado el recorrido puede optar por degustar la <strong><span style=\"text-decoration: underline;\">comida t\u00edpica canaria:<\/span><\/strong> el gofio, las papas arrugadas, el vino de la zona, pescado y suculentas carnes a la parrilla.\u00a0<\/p>\n<p>&nbsp;<\/p>\n<p>[\/et_pb_text][\/et_pb_column][et_pb_column type=\u00bb1_2&#8243; _builder_version=\u00bb4.16&#8243; _module_preset=\u00bbdefault\u00bb global_colors_info=\u00bb{}\u00bb][et_pb_image src=\u00bbhttp:\/\/camellocenter.es\/wp-content\/uploads\/2022\/02\/mapa-camello.jpg\u00bb title_text=\u00bbmapa-camello\u00bb _builder_version=\u00bb4.16&#8243; _module_preset=\u00bbdefault\u00bb global_colors_info=\u00bb{}\u00bb][\/et_pb_image][\/et_pb_column][\/et_pb_row][\/et_pb_section][et_pb_section fb_built=\u00bb1&#8243; admin_label=\u00bbFooter\u00bb _builder_version=\u00bb4.16&#8243; _module_preset=\u00bbdefault\u00bb background_color=\u00bb#fdc732&#8243; top_divider_style=\u00bbramp\u00bb top_divider_color=\u00bb#ffffff\u00bb top_divider_height=\u00bb80%\u00bb top_divider_flip=\u00bbvertical\u00bb locked=\u00bboff\u00bb global_colors_info=\u00bb{}\u00bb][\/et_pb_section]<\/p>\n","protected":false},"excerpt":{"rendered":"<p>\u00a1Viaja a los lomos de un camello!Un experiencia \u00fanica rodeado de naturaleza y paisajes naturales.Paseo en CamelloDar un paseo a lomo de un camello es una experiencia emocionante y relajante al mismo tiempo. Es una oportunidad que le brindamos en nuestro parque.\u00a0 En nuestros m\u00e1s de 10.000 m2 de superficie podr\u00e1 disfrutar de la flora [&hellip;]<\/p>\n","protected":false},"author":1,"featured_media":0,"parent":0,"menu_order":0,"comment_status":"closed","ping_status":"closed","template":"","meta":{"_et_pb_use_builder":"on","_et_pb_old_content":"","_et_gb_content_width":"","footnotes":""},"_links":{"self":[{"href":"http:\/\/camellocenter.es\/index.php\/wp-json\/wp\/v2\/pages\/13"}],"collection":[{"href":"http:\/\/camellocenter.es\/index.php\/wp-json\/wp\/v2\/pages"}],"about":[{"href":"http:\/\/camellocenter.es\/index.php\/wp-json\/wp\/v2\/types\/page"}],"author":[{"embeddable":true,"href":"http:\/\/camellocenter.es\/index.php\/wp-json\/wp\/v2\/users\/1"}],"replies":[{"embeddable":true,"href":"http:\/\/camellocenter.es\/index.php\/wp-json\/wp\/v2\/comments?post=13"}],"version-history":[{"count":36,"href":"http:\/\/camellocenter.es\/index.php\/wp-json\/wp\/v2\/pages\/13\/revisions"}],"predecessor-version":[{"id":395,"href":"http:\/\/camellocenter.es\/index.php\/wp-json\/wp\/v2\/pages\/13\/revisions\/395"}],"wp:attachment":[{"href":"http:\/\/camellocenter.es\/index.php\/wp-json\/wp\/v2\/media?parent=13"}],"curies":[{"name":"wp","href":"https:\/\/api.w.org\/{rel}","templated":true}]}}