{"id":359,"date":"2022-07-14T16:10:09","date_gmt":"2022-07-14T16:10:09","guid":{"rendered":"http:\/\/camellocenter.es\/?page_id=359"},"modified":"2022-07-14T16:18:25","modified_gmt":"2022-07-14T16:18:25","slug":"transparencia","status":"publish","type":"page","link":"http:\/\/camellocenter.es\/index.php\/transparencia\/","title":{"rendered":"TRANSPARENCIA"},"content":{"rendered":"\n<p><\/p>\n\n\n\n<p><strong>1. INFORMACI\u00d3N INSTITUCIONAL<\/strong><\/p>\n\n\n\n<p>Fecha de actualizaci\u00f3n: 30 de Junio de 2022<\/p>\n\n\n\n<p>Camello Center, S.L. es una entidad privada con \u00e1mbito de actuaci\u00f3n en Canarias.<\/p>\n\n\n\n<p>1. <strong>INFORMACI\u00d3N GENERAL<\/strong><\/p>\n\n\n\n<p>&nbsp; Empresa familiar que se cre\u00f3 en 1990. Su historia comenz\u00f3 en Tenerife cuando dos empresarios de Lanzarote, con ideas de expandirse, decidieron instalarse en la isla para seguir la misma actividad de paseos en camello para turistas y lugare\u00f1os,&nbsp; pues ya lo realizaban en Las Monta\u00f1as de Fuego en Lanzarote.<\/p>\n\n\n\n<p>&nbsp;&nbsp; &nbsp; En sus comienzos solo realizaban los paseos en camello, pero posteriormente ampliaron sus terrenos y crearon unas instalaciones adecuadas para dar un mejor servicio al cliente, con restaurante que sirve comida t\u00edpica canaria y souvenir.<\/p>\n\n\n\n<p><strong>2. INFORMACION ORGANIZATIVA<\/strong><\/p>\n\n\n\n<p>Fecha de actualizaci\u00f3n: 30 de Junio de 2022<\/p>\n\n\n\n<p><strong>2.1. ORGANIGRAMA&nbsp; &nbsp; &nbsp;<\/strong><\/p>\n\n\n\n<p><\/p>\n\n\n\n<figure class=\"wp-block-image size-large\"><img loading=\"lazy\" decoding=\"async\" width=\"1024\" height=\"487\" src=\"http:\/\/camellocenter.es\/wp-content\/uploads\/2022\/07\/ORGANIGRAMA-1024x487.png\" alt=\"\" class=\"wp-image-360\" srcset=\"http:\/\/camellocenter.es\/wp-content\/uploads\/2022\/07\/ORGANIGRAMA-980x466.png 980w, http:\/\/camellocenter.es\/wp-content\/uploads\/2022\/07\/ORGANIGRAMA-480x228.png 480w\" sizes=\"(min-width: 0px) and (max-width: 480px) 480px, (min-width: 481px) and (max-width: 980px) 980px, (min-width: 981px) 1024px, 100vw\" \/><\/figure>\n\n\n\n<p><strong>2.2. NORMATIVA APLICABLE<\/strong><\/p>\n\n\n\n<p><strong>Transparencia<\/strong><\/p>\n\n\n\n<ul><li>Ley estatal:&nbsp;<a href=\"https:\/\/www.boe.es\/eli\/es\/l\/2013\/12\/09\/19\/con\">Ley 19\/2013, de 9 de diciembre, de transparencia, acceso a la informaci\u00f3n p\u00fablica y buen gobierno<\/a>.<\/li><li>Ley auton\u00f3mica:&nbsp;<a href=\"https:\/\/www.boe.es\/eli\/es-cn\/l\/2014\/12\/26\/12\">Ley 12\/2014, de 26 de diciembre, de transparencia y de acceso a la informaci\u00f3n p\u00fablica<\/a>.<\/li><\/ul>\n\n\n\n<p><strong>Protecci\u00f3n de datos<\/strong><\/p>\n\n\n\n<ul><li><a href=\"https:\/\/www.boe.es\/buscar\/act.php?id=BOE-A-2018-16673\">Ley Org\u00e1nica 3\/2018, de 5 de diciembre, de Protecci\u00f3n de Datos Personales y garant\u00eda de los derechos digitales<\/a>.<\/li><\/ul>\n\n\n\n<p><strong>C\u00f3digo Civil<\/strong><\/p>\n\n\n\n<ul><li><a href=\"https:\/\/www.boe.es\/buscar\/act.php?id=BOE-A-1889-4763\">Real Decreto de 24 de julio de 1889 por el que se publica el C\u00f3digo Civil<\/a>.<\/li><\/ul>\n\n\n\n<p><strong>Registro mercantil<\/strong><\/p>\n\n\n\n<ul><li><a href=\"https:\/\/www.boe.es\/buscar\/act.php?id=BOE-A-1889-4763\">Real Decreto 1784\/1996, de 19 de julio, por el que se aprueba el Reglamento del Registro Mercantil<\/a>.<\/li><\/ul>\n\n\n\n<p><strong>&nbsp;Estatuto del trabajador<\/strong><\/p>\n\n\n\n<p><a href=\"https:\/\/www.boe.es\/buscar\/act.php?id=BOE-A-2015-11430\">Real Decreto Legislativo 2\/2015, de 23 de octubre, por el que se aprueba el texto refundido de la Ley del Estatuto de los Trabajadores.<\/a><\/p>\n\n\n\n<p><strong>2.3. Informaci\u00f3n relativa a las funciones que desarrolla la entidad<\/strong><\/p>\n\n\n\n<p>La sociedad tiene como objeto:<\/p>\n\n\n\n<p>La organizaci\u00f3n de excursiones terrestres bien en medios mec\u00e1nicos o bien por medio de animales. La construcci\u00f3n, adquisici\u00f3n, instalaci\u00f3n y explotaci\u00f3n de establecimientos tur\u00edsticos tales como bares, restaurantes y tiendas de souvenirs. La producci\u00f3n fotograf\u00edas, pel\u00edculas en video, sus proyecci\u00f3n y venta. Las actividades de ocio de todo tipo relacionadas con y para el turismo, tales como organizaci\u00f3n de excursiones, barbacoas, meriendas campestres, actuaciones musicales, entretenimientos, etc.<\/p>\n\n\n\n<p><strong>3.- INFORMACI\u00d3N ECON\u00d3MICO-FINANCIERA&nbsp;<\/strong><\/p>\n\n\n\n<p>Fecha de actualizaci\u00f3n: 30 de Junio de 2022<\/p>\n\n\n\n<p>Las Cuentas Anuales del ejercicio 2018 se depositaron en el Registro Mercantil de Santa Cruz de Tenerife bajo el n\u00famero de archivo 2\/2019\/508921.<\/p>\n\n\n\n<p>Las Cuentas Anuales correspondientes al ejercicio 2021 a\u00fan no se han depositado en el Registro Mercantil.<\/p>\n\n\n\n<p><\/p>\n\n\n\n<p><strong>4.- CONTRATOS CON ADMINISTRACIONES P\u00daBLICAS<\/strong><\/p>\n\n\n\n<p>Fecha de actualizaci\u00f3n: 30 de Junio de 2022<\/p>\n\n\n\n<p>Camello Center, S.L. no ha formalizado ni resuelto contratos con Administraciones P\u00fablicas en el 2021.<\/p>\n\n\n\n<p><\/p>\n\n\n\n<p><strong>5. CONVENIOS CON ADMINISTRACIONES P\u00daBLICAS<\/strong><\/p>\n\n\n\n<p>Fecha de actualizaci\u00f3n: 30 de Junio de 2022<\/p>\n\n\n\n<p>Camello Center, S.L.&nbsp; no ha formalizado convenios con Administraciones P\u00fablicas en el 2021.<\/p>\n\n\n\n<p><\/p>\n\n\n\n<p><strong>6.- AYUDAS Y SUBVENCIONES POR PARTE DE ADMINISTRACIONES P\u00daBLICAS<\/strong><\/p>\n\n\n\n<figure class=\"wp-block-image size-large\"><img loading=\"lazy\" decoding=\"async\" width=\"1024\" height=\"735\" src=\"http:\/\/camellocenter.es\/wp-content\/uploads\/2022\/07\/INFORMACIO\u0301N-SUBVENCIONES-1024x735.png\" alt=\"\" class=\"wp-image-361\" srcset=\"http:\/\/camellocenter.es\/wp-content\/uploads\/2022\/07\/INFORMACIO\u0301N-SUBVENCIONES-1024x735.png 1024w, http:\/\/camellocenter.es\/wp-content\/uploads\/2022\/07\/INFORMACIO\u0301N-SUBVENCIONES-300x215.png 300w, http:\/\/camellocenter.es\/wp-content\/uploads\/2022\/07\/INFORMACIO\u0301N-SUBVENCIONES-768x552.png 768w, http:\/\/camellocenter.es\/wp-content\/uploads\/2022\/07\/INFORMACIO\u0301N-SUBVENCIONES-1536x1103.png 1536w, http:\/\/camellocenter.es\/wp-content\/uploads\/2022\/07\/INFORMACIO\u0301N-SUBVENCIONES-1080x776.png 1080w, http:\/\/camellocenter.es\/wp-content\/uploads\/2022\/07\/INFORMACIO\u0301N-SUBVENCIONES-1280x919.png 1280w, http:\/\/camellocenter.es\/wp-content\/uploads\/2022\/07\/INFORMACIO\u0301N-SUBVENCIONES-980x704.png 980w, http:\/\/camellocenter.es\/wp-content\/uploads\/2022\/07\/INFORMACIO\u0301N-SUBVENCIONES-480x345.png 480w, http:\/\/camellocenter.es\/wp-content\/uploads\/2022\/07\/INFORMACIO\u0301N-SUBVENCIONES.png 1866w\" sizes=\"(max-width: 1024px) 100vw, 1024px\" \/><\/figure>\n\n\n\n<p><\/p>\n\n\n\n<p><strong>7.- INFORME ANUAL SOBRE EL GRADO DE APLICACI\u00d3N DE LA LEY CANARIA DE TRANSPARENCIA<\/strong><\/p>\n\n\n\n<p>Fecha de actualizaci\u00f3n: 30 de Junio de 2022<\/p>\n\n\n\n<p>M\u00e1s informaci\u00f3n:\u00a0<a href=\"https:\/\/transparenciacanarias.org\/\">https:\/\/transparenciacanarias.org\/<br><\/a>Normativa estatal y auton\u00f3mica:\u00a0<a href=\"https:\/\/transparenciacanarias.org\/que-hacemos\/legislacion\/\">https:\/\/transparenciacanarias.org\/que-hacemos\/legislacion\/<\/a><\/p>\n\n\n\n<p><\/p>\n\n\n\n<p><\/p>\n","protected":false},"excerpt":{"rendered":"<p>1. INFORMACI\u00d3N INSTITUCIONAL Fecha de actualizaci\u00f3n: 30 de Junio de 2022 Camello Center, S.L. es una entidad privada con \u00e1mbito de actuaci\u00f3n en Canarias. 1. INFORMACI\u00d3N GENERAL &nbsp; Empresa familiar que se cre\u00f3 en 1990. Su historia comenz\u00f3 en Tenerife cuando dos empresarios de Lanzarote, con ideas de expandirse, decidieron instalarse en la isla para [&hellip;]<\/p>\n","protected":false},"author":1,"featured_media":0,"parent":0,"menu_order":0,"comment_status":"closed","ping_status":"closed","template":"","meta":{"_et_pb_use_builder":"off","_et_pb_old_content":"","_et_gb_content_width":"1080","footnotes":""},"_links":{"self":[{"href":"http:\/\/camellocenter.es\/index.php\/wp-json\/wp\/v2\/pages\/359"}],"collection":[{"href":"http:\/\/camellocenter.es\/index.php\/wp-json\/wp\/v2\/pages"}],"about":[{"href":"http:\/\/camellocenter.es\/index.php\/wp-json\/wp\/v2\/types\/page"}],"author":[{"embeddable":true,"href":"http:\/\/camellocenter.es\/index.php\/wp-json\/wp\/v2\/users\/1"}],"replies":[{"embeddable":true,"href":"http:\/\/camellocenter.es\/index.php\/wp-json\/wp\/v2\/comments?post=359"}],"version-history":[{"count":3,"href":"http:\/\/camellocenter.es\/index.php\/wp-json\/wp\/v2\/pages\/359\/revisions"}],"predecessor-version":[{"id":367,"href":"http:\/\/camellocenter.es\/index.php\/wp-json\/wp\/v2\/pages\/359\/revisions\/367"}],"wp:attachment":[{"href":"http:\/\/camellocenter.es\/index.php\/wp-json\/wp\/v2\/media?parent=359"}],"curies":[{"name":"wp","href":"https:\/\/api.w.org\/{rel}","templated":true}]}}